{"id":649,"date":"2024-10-05T12:50:31","date_gmt":"2024-10-05T12:50:31","guid":{"rendered":"https:\/\/superfriosr.com.br\/Lojasuperfrio\/?post_type=product&#038;p=649"},"modified":"2024-10-10T13:43:47","modified_gmt":"2024-10-10T13:43:47","slug":"compressor-dorin-h755cc-220v","status":"publish","type":"product","link":"https:\/\/superfriosr.com.br\/Lojasuperfrio\/lojasuperfrio\/compressor-dorin-h755cc-220v\/","title":{"rendered":"DORIN H755CC \u2013 220V"},"content":{"rendered":"<table class=\"table\">\n<tbody>\n<tr>\n<th><\/th>\n<th><\/th>\n<\/tr>\n<tr>\n<td>N\u00famero de Cilindros<\/td>\n<td>4<\/td>\n<\/tr>\n<tr>\n<td>Di\u00e2metro de Cilindros<\/td>\n<td>54 mm<\/td>\n<\/tr>\n<tr>\n<td>Deslocamento @ 60 Hz<\/td>\n<td>38,26 [m\u00b3\/h]<\/td>\n<\/tr>\n<tr>\n<td>V\u00e1lvula de Suc\u00e7\u00e3o<\/td>\n<td>28 mm<\/td>\n<\/tr>\n<tr>\n<td>V\u00e1lvula de Descarga<\/td>\n<td>18 mm<\/td>\n<\/tr>\n<tr>\n<td>Carga de \u00d3leo<\/td>\n<td>1,8 L<\/td>\n<\/tr>\n<tr>\n<td>Peso L\u00edquido<\/td>\n<td>78 kg<\/td>\n<\/tr>\n<\/tbody>\n<\/table>\n","protected":false},"excerpt":{"rendered":"<p>N\u00famero de Cilindros 4 Di\u00e2metro de Cilindros 54 mm Deslocamento @ 60 Hz 38,26 [m\u00b3\/h] V\u00e1lvula de Suc\u00e7\u00e3o 28 mm V\u00e1lvula de Descarga 18 mm Carga de \u00d3leo 1,8 L Peso L\u00edquido 78 kg<\/p>\n","protected":false},"featured_media":638,"comment_status":"open","ping_status":"closed","template":"","meta":[],"product_brand":[],"product_cat":[66],"product_tag":[],"class_list":{"0":"post-649","1":"product","2":"type-product","3":"status-publish","4":"has-post-thumbnail","6":"product_cat-compressoes-dorin","8":"first","9":"instock","10":"taxable","11":"shipping-taxable","12":"purchasable","13":"product-type-simple"},"_links":{"self":[{"href":"https:\/\/superfriosr.com.br\/Lojasuperfrio\/wp-json\/wp\/v2\/product\/649","targetHints":{"allow":["GET"]}}],"collection":[{"href":"https:\/\/superfriosr.com.br\/Lojasuperfrio\/wp-json\/wp\/v2\/product"}],"about":[{"href":"https:\/\/superfriosr.com.br\/Lojasuperfrio\/wp-json\/wp\/v2\/types\/product"}],"replies":[{"embeddable":true,"href":"https:\/\/superfriosr.com.br\/Lojasuperfrio\/wp-json\/wp\/v2\/comments?post=649"}],"wp:featuredmedia":[{"embeddable":true,"href":"https:\/\/superfriosr.com.br\/Lojasuperfrio\/wp-json\/wp\/v2\/media\/638"}],"wp:attachment":[{"href":"https:\/\/superfriosr.com.br\/Lojasuperfrio\/wp-json\/wp\/v2\/media?parent=649"}],"wp:term":[{"taxonomy":"product_brand","embeddable":true,"href":"https:\/\/superfriosr.com.br\/Lojasuperfrio\/wp-json\/wp\/v2\/product_brand?post=649"},{"taxonomy":"product_cat","embeddable":true,"href":"https:\/\/superfriosr.com.br\/Lojasuperfrio\/wp-json\/wp\/v2\/product_cat?post=649"},{"taxonomy":"product_tag","embeddable":true,"href":"https:\/\/superfriosr.com.br\/Lojasuperfrio\/wp-json\/wp\/v2\/product_tag?post=649"}],"curies":[{"name":"wp","href":"https:\/\/api.w.org\/{rel}","templated":true}]}}