{"id":554,"date":"2024-09-27T23:11:44","date_gmt":"2024-09-27T23:11:44","guid":{"rendered":"https:\/\/superfriosr.com.br\/Lojasuperfrio\/?post_type=product&#038;p=554"},"modified":"2024-10-10T13:44:08","modified_gmt":"2024-10-10T13:44:08","slug":"compressor-dorin-h700ep-220v-380v","status":"publish","type":"product","link":"https:\/\/superfriosr.com.br\/Lojasuperfrio\/lojasuperfrio\/compressor-dorin-h700ep-220v-380v\/","title":{"rendered":"DORIN H700EP\u2013 220V\/380V"},"content":{"rendered":"<table class='table'>\n<tbody>\n<tr>\n<th><\/th>\n<th><\/th>\n<\/tr>\n<tr>\n<td>N\u00famero de Cilindros<\/td>\n<td>4<\/td>\n<\/tr>\n<tr>\n<td>Di\u00e2metro de Cilindros<\/td>\n<td>59 mm<\/td>\n<\/tr>\n<tr>\n<td>Deslocamento @ 60 Hz<\/td>\n<td>51,37 [m\u00b3\/h]<\/td>\n<\/tr>\n<tr>\n<td>V\u00e1lvula de Suc\u00e7\u00e3o<\/td>\n<td>35 mm<\/td>\n<\/tr>\n<tr>\n<td>V\u00e1lvula de Descarga<\/td>\n<td>28 mm<\/td>\n<\/tr>\n<tr>\n<td>Carga de \u00d3leo<\/td>\n<td>2,5 L<\/td>\n<\/tr>\n<tr>\n<td>Peso L\u00edquido<\/td>\n<td>100 kg<\/td>\n<\/tr>\n<\/tbody>\n<\/table>\n","protected":false},"excerpt":{"rendered":"<p>N\u00famero de Cilindros 4 Di\u00e2metro de Cilindros 59 mm Deslocamento @ 60 Hz 51,37 [m\u00b3\/h] V\u00e1lvula de Suc\u00e7\u00e3o 35 mm V\u00e1lvula de Descarga 28 mm Carga de \u00d3leo 2,5 L Peso L\u00edquido 100 kg<\/p>\n","protected":false},"featured_media":651,"comment_status":"open","ping_status":"closed","template":"","meta":[],"product_brand":[],"product_cat":[66],"product_tag":[],"class_list":{"0":"post-554","1":"product","2":"type-product","3":"status-publish","4":"has-post-thumbnail","6":"product_cat-compressoes-dorin","8":"first","9":"instock","10":"taxable","11":"shipping-taxable","12":"purchasable","13":"product-type-simple"},"_links":{"self":[{"href":"https:\/\/superfriosr.com.br\/Lojasuperfrio\/wp-json\/wp\/v2\/product\/554","targetHints":{"allow":["GET"]}}],"collection":[{"href":"https:\/\/superfriosr.com.br\/Lojasuperfrio\/wp-json\/wp\/v2\/product"}],"about":[{"href":"https:\/\/superfriosr.com.br\/Lojasuperfrio\/wp-json\/wp\/v2\/types\/product"}],"replies":[{"embeddable":true,"href":"https:\/\/superfriosr.com.br\/Lojasuperfrio\/wp-json\/wp\/v2\/comments?post=554"}],"wp:featuredmedia":[{"embeddable":true,"href":"https:\/\/superfriosr.com.br\/Lojasuperfrio\/wp-json\/wp\/v2\/media\/651"}],"wp:attachment":[{"href":"https:\/\/superfriosr.com.br\/Lojasuperfrio\/wp-json\/wp\/v2\/media?parent=554"}],"wp:term":[{"taxonomy":"product_brand","embeddable":true,"href":"https:\/\/superfriosr.com.br\/Lojasuperfrio\/wp-json\/wp\/v2\/product_brand?post=554"},{"taxonomy":"product_cat","embeddable":true,"href":"https:\/\/superfriosr.com.br\/Lojasuperfrio\/wp-json\/wp\/v2\/product_cat?post=554"},{"taxonomy":"product_tag","embeddable":true,"href":"https:\/\/superfriosr.com.br\/Lojasuperfrio\/wp-json\/wp\/v2\/product_tag?post=554"}],"curies":[{"name":"wp","href":"https:\/\/api.w.org\/{rel}","templated":true}]}}