{"id":236,"date":"2024-08-17T21:43:47","date_gmt":"2024-08-17T21:43:47","guid":{"rendered":"https:\/\/superfriosr.com.br\/Lojasuperfrio\/?post_type=product&#038;p=236"},"modified":"2024-08-29T14:36:34","modified_gmt":"2024-08-29T14:36:34","slug":"linha-blue","status":"publish","type":"product","link":"https:\/\/superfriosr.com.br\/Lojasuperfrio\/lojasuperfrio\/linha-blue\/","title":{"rendered":"Linha BLUE"},"content":{"rendered":"<p>Unidade Condensadora SF-AP D450EP M10K R134 (Espec\u00edfica para o sistema de Resfriados) com compressor DORIN (H H705CC) &#8211; 220V \/ Trif\u00e1sico<\/p>\n<p>Componente de alta qualidade projetado para sistemas de refrigera\u00e7\u00e3o que exigem desempenho confi\u00e1vel e eficiente. Com uma capacidade de (6,44 KW &#8211; R134A -10\u00b0\/+43\u00b0C), essa unidade condensadora \u00e9 especialmente adequada para aplica\u00e7\u00f5es comerciais e industriais. Sua configura\u00e7\u00e3o trif\u00e1sica de 220V garante um fornecimento est\u00e1vel de energia, garantindo um funcionamento suave e consistente. A Dorin \u00e9 renomada por sua expertise em tecnologias de refrigera\u00e7\u00e3o, e esta unidade condensadora reflete o compromisso cont\u00ednuo da marca em fornecer solu\u00e7\u00f5es de ponta para necessidades de refrigera\u00e7\u00e3o, tornando-a uma escolha s\u00f3lida para clientes que buscam qualidade e desempenho excepcionais.<\/p>\n<p>Informa\u00e7\u00f5es gerais:<\/p>\n<p>A Instala\u00e7\u00e3o e\/ou manuten\u00e7\u00e3o dos produtos devem ser efetuado por t\u00e9cnicos autorizado e habilitados.<\/p>\n<p>Instala\u00e7\u00f5es e\/ou visitas t\u00e9cnicas n\u00e3o inclusa. Quaisquer problemas relacionados com o produto devem ser vistos com o t\u00e9cnico autorizado que realizou a instala\u00e7\u00e3o\/manuten\u00e7\u00e3o.<\/p>\n<p>A substitui\u00e7\u00e3o do compressor defeituoso ser\u00e1 por um compressor id\u00eantico ou equivalente.<\/p>\n<p>Garantia v\u00e1lida em todo territ\u00f3rio nacional.<\/p>\n<p>A Garantia perder\u00e1 validade em casos de utiliza\u00e7\u00e3o de fluidos refrigerantes e \u00f3leos diferentes dos recomendados, bem como opera\u00e7\u00e3o fora dos limites el\u00e9tricos e mec\u00e2nicos estabelecidos nos manuais.<\/p>\n<p>Os produtos com sinal de viola\u00e7\u00e3o, altera\u00e7\u00e3o ou reparos, bem como aqueles com etiquetas ou n\u00famero de s\u00e9rie removidos ou adulterados perder\u00e3o imediatamente o direito a garantia. E se for constatado que os demais componentes do circuito de refrigera\u00e7\u00e3o apresentam especifica\u00e7\u00f5es t\u00e9cnicas incompat\u00edveis com o modelo utilizado, tamb\u00e9m ser\u00e1 invalidado a garantia.<\/p>\n<p>A SUPERFRIO em nenhuma circunst\u00e2ncia se responsabilizar\u00e1 por danos colaterais diretos ou indiretos resultantes de eventuais falhas da Unidade condensadora ou compressor.<\/p>\n<p>O transporte e respectivos seguros de ida e volta ser\u00e3o de responsabilidade exclusiva do cliente.<\/p>\n<p>Para Unidades condensadora de refrigera\u00e7\u00e3o \u00e9 autorizado a troca somente da pe\u00e7a com defeito, a mesma deve ser enviada para SUPERFRIO que posteriormente envia ao fabricante para realiza\u00e7\u00e3o do laudo.<\/p>\n<p>A SUPERFRIO \u00e9 especializada em Solu\u00e7\u00f5es em Refrigera\u00e7\u00e3o para o varejo e na presta\u00e7\u00e3o de servi\u00e7os de assist\u00eancia t\u00e9cnica, manuten\u00e7\u00e3o preventiva, corretiva, projetos, vendas, reformas e planejamento de novas obras.<\/p>\n<p>Com um atendimento diferenciado, a SUPERFRIO entende as necessidades de cada projeto fazendo um servi\u00e7o \u00fanico e personalizado, utilizando sempre materiais de qualidade.<\/p>\n<p>Nossas Solu\u00e7\u00f5es:<\/p>\n<p>&#8211; Centrais Frigor\u00edficas: Fabricamos Centrais Frigor\u00edficas, desde unidades simples at\u00e9 as mais complexas.<\/p>\n<p>&#8211; C\u00e2maras Frias: Solu\u00e7\u00f5es para supermercados, atacados e empreendimentos comerciais de todos os portes.<\/p>\n<p>&#8211; Compressores: Esse \u00e9 o equipamento fundamental para o funcionamento eficiente das c\u00e2maras frigor\u00edficas. Somos representantes oficiais da Dorin no Brasil e trabalhamos tamb\u00e9m com as melhores marcas do mercado.<\/p>\n<p>&#8211; Remanufatura: Para um bom funcionamento, a remanufatura \u00e9 considerada como o cora\u00e7\u00e3o do refrigerador.<\/p>\n<p>&#8211; Comercio de Pe\u00e7as: Comercializamos pe\u00e7as e acess\u00f3rios de compressores com a finalidade de sua manuten\u00e7\u00e3o.<\/p>\n<p>A superfriosr agradece seu contato e nos colocamos a disposi\u00e7\u00e3o de sua necessidade.<\/p>\n","protected":false},"excerpt":{"rendered":"<p>Unidade Condensadora SF-AP D450EP M10K R134 (Espec\u00edfica para o sistema de Resfriados) com compressor DORIN (H H705CC) &#8211; 220V \/ Trif\u00e1sico Componente de alta qualidade projetado para sistemas de refrigera\u00e7\u00e3o que exigem desempenho confi\u00e1vel e eficiente. Com uma capacidade de (6,44 KW &#8211; R134A -10\u00b0\/+43\u00b0C), essa unidade condensadora \u00e9 especialmente adequada para aplica\u00e7\u00f5es comerciais e [&hellip;]<\/p>\n","protected":false},"featured_media":220,"comment_status":"open","ping_status":"closed","template":"","meta":[],"product_brand":[],"product_cat":[62,45],"product_tag":[],"class_list":{"0":"post-236","1":"product","2":"type-product","3":"status-publish","4":"has-post-thumbnail","6":"product_cat-acessorios-para-camara-fria","7":"product_cat-camaras-frias","9":"first","10":"instock","11":"taxable","12":"shipping-taxable","13":"purchasable","14":"product-type-simple"},"_links":{"self":[{"href":"https:\/\/superfriosr.com.br\/Lojasuperfrio\/wp-json\/wp\/v2\/product\/236","targetHints":{"allow":["GET"]}}],"collection":[{"href":"https:\/\/superfriosr.com.br\/Lojasuperfrio\/wp-json\/wp\/v2\/product"}],"about":[{"href":"https:\/\/superfriosr.com.br\/Lojasuperfrio\/wp-json\/wp\/v2\/types\/product"}],"replies":[{"embeddable":true,"href":"https:\/\/superfriosr.com.br\/Lojasuperfrio\/wp-json\/wp\/v2\/comments?post=236"}],"wp:featuredmedia":[{"embeddable":true,"href":"https:\/\/superfriosr.com.br\/Lojasuperfrio\/wp-json\/wp\/v2\/media\/220"}],"wp:attachment":[{"href":"https:\/\/superfriosr.com.br\/Lojasuperfrio\/wp-json\/wp\/v2\/media?parent=236"}],"wp:term":[{"taxonomy":"product_brand","embeddable":true,"href":"https:\/\/superfriosr.com.br\/Lojasuperfrio\/wp-json\/wp\/v2\/product_brand?post=236"},{"taxonomy":"product_cat","embeddable":true,"href":"https:\/\/superfriosr.com.br\/Lojasuperfrio\/wp-json\/wp\/v2\/product_cat?post=236"},{"taxonomy":"product_tag","embeddable":true,"href":"https:\/\/superfriosr.com.br\/Lojasuperfrio\/wp-json\/wp\/v2\/product_tag?post=236"}],"curies":[{"name":"wp","href":"https:\/\/api.w.org\/{rel}","templated":true}]}}